












{"id":1747,"date":"2015-07-16T22:46:21","date_gmt":"2015-07-16T22:46:21","guid":{"rendered":"http:\/\/ceri.cerenet.org.uk\/wordpress\/?page_id=1747"},"modified":"2024-10-22T08:32:01","modified_gmt":"2024-10-22T08:32:01","slug":"llawlyfr-y-gweithiwr","status":"publish","type":"page","link":"https:\/\/ceri.cerenet.org.uk\/portal\/cy\/llawlyfr-y-gweithiwr\/","title":{"rendered":"Llawlyfr Staff"},"content":{"rendered":"<div class=\"section clearfix\">\n<div class=\"col span_3_of_8\"><\/div>\n<div class=\"col span_5_of_8\">\n<p>Diben y wybodaeth yn yr ardal hyn yw ceisio ateb y cwestiynau cyffredin am eich swydd gyda&#8217;r Cyngor ond nid yw&#8217;n ganllaw cyflawn. Dylid darllen y llawlyfr staff hwn ar y cyd \u00e2&#8217;ch cytundeb cyflogaeth. Oni bai y nodir fel arall nid yw&#8217;r cynnwys yn y llawlyfr hwn yn gytundebol a gall fod yn destun newid wrth i&#8217;r Cyngor adolygu ei bolis\u00efau.<\/p>\n<p>Mae&#8217;r Cyngor yn cadw&#8217;r hawl i ddiwygio&#8217;r llawlyfr hwn ac unrhyw bolis\u00efau a gweithdrefnau ynddo o bryd i&#8217;w gilydd, a phan fo&#8217;n briodol, drwy ymgynghori \u00e2&#8217;r Undebau Llafur.<\/p>\n<p>Os oes problem neu ymholiad gennych sy&#8217;n gysylltiedig \u00e2&#8217;ch swydd sydd heb ei ateb yn CERi-net, mynnwch air \u00e2&#8217;ch Rheolwr Llinell neu aelod o&#8217;r t\u00eem Adnoddau Dynol.<\/p>\n<\/div>\n<\/div>\n","protected":false},"excerpt":{"rendered":"<p>Diben y wybodaeth yn yr ardal hyn yw ceisio ateb y cwestiynau cyffredin am eich swydd gyda&#8217;r Cyngor ond nid yw&#8217;n ganllaw cyflawn. Dylid darllen y llawlyfr staff hwn ar y cyd \u00e2&#8217;ch cytundeb cyflogaeth. Oni bai y nodir fel arall nid yw&#8217;r cynnwys yn y llawlyfr hwn yn gytundebol a gall fod yn destun [&hellip;]<\/p>\n","protected":false},"author":2,"featured_media":15663,"parent":0,"menu_order":3,"comment_status":"closed","ping_status":"closed","template":"","meta":{"_acf_changed":false,"footnotes":""},"categories":[42],"tags":[],"class_list":["post-1747","page","type-page","status-publish","has-post-thumbnail","hentry","category-employee-handbook-cy"],"acf":[],"_links":{"self":[{"href":"https:\/\/ceri.cerenet.org.uk\/portal\/cy\/wp-json\/wp\/v2\/pages\/1747","targetHints":{"allow":["GET"]}}],"collection":[{"href":"https:\/\/ceri.cerenet.org.uk\/portal\/cy\/wp-json\/wp\/v2\/pages"}],"about":[{"href":"https:\/\/ceri.cerenet.org.uk\/portal\/cy\/wp-json\/wp\/v2\/types\/page"}],"author":[{"embeddable":true,"href":"https:\/\/ceri.cerenet.org.uk\/portal\/cy\/wp-json\/wp\/v2\/users\/2"}],"replies":[{"embeddable":true,"href":"https:\/\/ceri.cerenet.org.uk\/portal\/cy\/wp-json\/wp\/v2\/comments?post=1747"}],"version-history":[{"count":10,"href":"https:\/\/ceri.cerenet.org.uk\/portal\/cy\/wp-json\/wp\/v2\/pages\/1747\/revisions"}],"predecessor-version":[{"id":4568,"href":"https:\/\/ceri.cerenet.org.uk\/portal\/cy\/wp-json\/wp\/v2\/pages\/1747\/revisions\/4568"}],"wp:featuredmedia":[{"embeddable":true,"href":"https:\/\/ceri.cerenet.org.uk\/portal\/cy\/wp-json\/wp\/v2\/media\/15663"}],"wp:attachment":[{"href":"https:\/\/ceri.cerenet.org.uk\/portal\/cy\/wp-json\/wp\/v2\/media?parent=1747"}],"wp:term":[{"taxonomy":"category","embeddable":true,"href":"https:\/\/ceri.cerenet.org.uk\/portal\/cy\/wp-json\/wp\/v2\/categories?post=1747"},{"taxonomy":"post_tag","embeddable":true,"href":"https:\/\/ceri.cerenet.org.uk\/portal\/cy\/wp-json\/wp\/v2\/tags?post=1747"}],"curies":[{"name":"wp","href":"https:\/\/api.w.org\/{rel}","templated":true}]}}