












{"id":1560,"date":"2015-02-16T12:27:15","date_gmt":"2015-02-16T12:27:15","guid":{"rendered":"http:\/\/ceri.cerenet.org.uk\/wordpress\/?page_id=1560"},"modified":"2024-10-22T08:31:48","modified_gmt":"2024-10-22T08:31:48","slug":"hafan","status":"publish","type":"page","link":"https:\/\/ceri.cerenet.org.uk\/portal\/cy\/hafan\/","title":{"rendered":"Croeso"},"content":{"rendered":"<p>Croeso i borth gwybodaeth Adnoddau Dynol Cyngor Sir Ceredigion. Yma fe gewch arweiniad ar amrywiol faterion sy\u2019n ymwneud \u00e2 gweithio i&#8217;r Cyngor. Mae yma wybodaeth i \u2018Staff Newydd\u2019 i\u2019w helpu nhw ymgartrefu yn eu rolau a\u2019u cymunedau newydd. Yn ogystal mae adran &#8216;Llawlyfr y Staff\u2019 yn rhoi gwybodaeth fanwl yngl\u0177n \u00e2 pholis\u00efau a gweithdrefnau\u2019r Cyngor fel y byddwch yn gwybod beth i\u2019w ddisgwyl gennym ni fel eich cyflogwr a\u2019r hyn a ddisgwylir gennych chi yn ystod eich cyflogaeth gyda ni. Mae &#8216;Pecyn Cymorth i Reolwyr\u2019 hefyd i gynorthwyo Rheolwyr gydag Adnoddau Dynol.<\/p>\n","protected":false},"excerpt":{"rendered":"<p>Croeso i borth gwybodaeth Adnoddau Dynol Cyngor Sir Ceredigion. Yma fe gewch arweiniad ar amrywiol faterion sy\u2019n ymwneud \u00e2 gweithio i&#8217;r Cyngor. Mae yma wybodaeth i \u2018Staff Newydd\u2019 i\u2019w helpu nhw ymgartrefu yn eu rolau a\u2019u cymunedau newydd. Yn ogystal mae adran &#8216;Llawlyfr y Staff\u2019 yn rhoi gwybodaeth fanwl yngl\u0177n \u00e2 pholis\u00efau a gweithdrefnau\u2019r Cyngor [&hellip;]<\/p>\n","protected":false},"author":1,"featured_media":4153,"parent":0,"menu_order":1,"comment_status":"closed","ping_status":"closed","template":"page-templates\/template-home.php","meta":{"_acf_changed":false,"footnotes":""},"categories":[],"tags":[],"class_list":["post-1560","page","type-page","status-publish","has-post-thumbnail","hentry"],"acf":[],"_links":{"self":[{"href":"https:\/\/ceri.cerenet.org.uk\/portal\/cy\/wp-json\/wp\/v2\/pages\/1560","targetHints":{"allow":["GET"]}}],"collection":[{"href":"https:\/\/ceri.cerenet.org.uk\/portal\/cy\/wp-json\/wp\/v2\/pages"}],"about":[{"href":"https:\/\/ceri.cerenet.org.uk\/portal\/cy\/wp-json\/wp\/v2\/types\/page"}],"author":[{"embeddable":true,"href":"https:\/\/ceri.cerenet.org.uk\/portal\/cy\/wp-json\/wp\/v2\/users\/1"}],"replies":[{"embeddable":true,"href":"https:\/\/ceri.cerenet.org.uk\/portal\/cy\/wp-json\/wp\/v2\/comments?post=1560"}],"version-history":[{"count":21,"href":"https:\/\/ceri.cerenet.org.uk\/portal\/cy\/wp-json\/wp\/v2\/pages\/1560\/revisions"}],"predecessor-version":[{"id":10161,"href":"https:\/\/ceri.cerenet.org.uk\/portal\/cy\/wp-json\/wp\/v2\/pages\/1560\/revisions\/10161"}],"wp:featuredmedia":[{"embeddable":true,"href":"https:\/\/ceri.cerenet.org.uk\/portal\/cy\/wp-json\/wp\/v2\/media\/4153"}],"wp:attachment":[{"href":"https:\/\/ceri.cerenet.org.uk\/portal\/cy\/wp-json\/wp\/v2\/media?parent=1560"}],"wp:term":[{"taxonomy":"category","embeddable":true,"href":"https:\/\/ceri.cerenet.org.uk\/portal\/cy\/wp-json\/wp\/v2\/categories?post=1560"},{"taxonomy":"post_tag","embeddable":true,"href":"https:\/\/ceri.cerenet.org.uk\/portal\/cy\/wp-json\/wp\/v2\/tags?post=1560"}],"curies":[{"name":"wp","href":"https:\/\/api.w.org\/{rel}","templated":true}]}}