{"id":8084,"date":"2024-12-02T15:44:31","date_gmt":"2024-12-02T15:44:31","guid":{"rendered":"http:\/\/ceri.cerenet.org.uk\/learning\/?page_id=8084"},"modified":"2026-01-13T16:01:22","modified_gmt":"2026-01-13T16:01:22","slug":"hysbysiad-preifatrwydd-dysgu-a-datblygu","status":"publish","type":"page","link":"https:\/\/ceri.cerenet.org.uk\/learning\/cy\/hysbysiad-preifatrwydd-dysgu-a-datblygu\/","title":{"rendered":"Hysbysiad Preifatrwydd Dysgu a Datblygu"},"content":{"rendered":"<p>Mae ymdrin \u00e2 gwybodaeth bersonol gan Gyngor Sir Ceredigion yn bwysig iawn er mwyn darparu ein gwasanaethau a chynnal hyder y cyhoedd.<\/p>\n<p>Data personol yw unrhyw ddata sy\u2019n ymwneud \u00e2 pheron y gellir ei adnabod yn uniongyrchol neu\u2019n anuniongyrchol o\u2019r wybodaeth. Mae\u2019r termau \u2018 gwybodaeth\u2019 a \u2018data personol\u2019\u00a0 yn cael eu defnyddio trwy gydol yr hysbysiad preifatrwydd hwn ac mae ganddynt yr un ystyr.<\/p>\n<p>Felly, mae&#8217;r hysbysiad preifatrwydd hwn wedi&#8217;i lunio i egluro mor glir \u00e2 phosibl beth rydym yn ei wneud gyda&#8217;ch data personol.<\/p>\n<p><strong>Y dibenion yr ydym yn defnyddio eich data personol ar eu cyfer<\/strong><\/p>\n<p>Mae t\u00eem Dysgu a Datblygu Cyngor Sir Ceredigion yn gyfrifol am ddarparu, cyflwyno, cofnodi ac adrodd am hyfforddiant, ynghyd \u00e2 cheisiadau panel cymwysterau a gweinyddu.\u00a0 Er mwyn cyflawni&#8217;r swyddogaethau hyn, ac i sicrhau eich bod yn gymwys i gael hyfforddiant a\/neu gais am gymwysterau, rhaid i ni gasglu, a phrosesu data personol fel y nodir yn yr hysbysiad isod.<\/p>\n<p><strong>Bydd eich gwybodaeth yn cael ei defnyddio i:<\/strong><\/p>\n<ul>\n<li>Ofyn a gweinyddu eich lle ar gyrsiau hyfforddi \u2013 rhithwir ac wyneb yn wyneb<\/li>\n<li>Creu cyfrif defnyddiwr ar ein System Rheoli Dysgu (LMS)<\/li>\n<li>Cynnig cymorth i ddysgwyr, meysydd gwasanaeth, cyflenwyr gwasanaethau allanol, mudiadau gwirfoddol ac ati.<\/li>\n<li>Cynnal cofnodion hyfforddiant<\/li>\n<li>Gweinyddu a chyflwyno ceisiadau am gymhwyster<\/li>\n<li>Gweinyddu a phrosesu lleoliadau gwaith myfyrwyr<\/li>\n<li>Rheoli ansawdd data<\/li>\n<\/ul>\n<p><strong style=\"font-size: revert; color: initial;\">Y sail gyfreithiol dros brosesu eich gwybodaeth yw<\/strong><\/p>\n<p>Mae Rheoliadau Diogelu Data Cyffredinol y DU (UK GDPR) yn ei gwneud yn ofynnol i amodau penodol gael eu bodloni i sicrhau bod prosesu eich data personol yn gyfreithlon. Mae&#8217;r amodau perthnasol hyn isod<strong>:<\/strong><\/p>\n<ul>\n<li>Erthygl 6 (1)(a) Caniat\u00e2d: rydych wedi rhoi caniat\u00e2d clir i ni brosesu eich data personol at ddiben penodol. Er enghraifft, lle rydym yn gofyn am ddefnyddio ffotograff ohonoch i hyrwyddo ein cyrsiau. Pan fyddwch yn rhoi eich caniat\u00e2d, mae gennych yr hawl i&#8217;w ddileu ar unrhyw adeg.<\/li>\n<li>Erthygl 6 (1)(c) Rhwymedigaeth Gyfreithiol: mae&#8217;r prosesu&#8217;n angenrheidiol er mwyn i ni gydymffurfio \u00e2&#8217;r gyfraith (heb gynnwys rhwymedigaethau cytundebol). Er enghraifft, pan fydd gofyn i ni rannu gwybodaeth \u00e2 darparwyr hyfforddiant allanol neu fyrddau cymwysterau; neu mae&#8217;n ofynnol i ni rannu gwybodaeth gydag awdurdodau rheoleiddio<\/li>\n<li>Erthygl 6 (1)(e) Tasg Gyhoeddus: mae&#8217;r prosesu&#8217;n angenrheidiol er mwyn i ni gyflawni tasg er budd y cyhoedd neu ar gyfer ein swyddogaethau swyddogol, ac mae gan y dasg neu&#8217;r swyddogaeth sail glir yn y gyfraith. Er enghraifft, pan ofynnir i ni brosesu eich data yn unol \u00e2&#8217;n rhwymedigaethau cyfreithiol i gydymffurfio \u00e2 Deddf Iechyd a Diogelwch yn y Gwaith (1974).\u00a0 Gall enghreifftiau eraill gynnwys prosesu data personol i greu cyfrifon defnyddwyr ar gyfer staff sefydliadau allanol sy&#8217;n derbyn ffurflen hyfforddiant a delir amdani drwy gyllid grant.<\/li>\n<\/ul>\n<p>Mae rhai mathau o ddata personol yn fwy sensitif nag eraill ac mae angen mwy o ddiogelwch. Mae hyn yn cael ei ystyried yn &#8216;ddata categori arbennig&#8217; a gallai gynnwys gwybodaeth am eich tarddiad hiliol neu ethnig, barn wleidyddol, credoau crefyddol neu athronyddol neu aelodaeth undebau llafur a phrosesu data genetig neu fiometrig, iechyd a bywyd rhyw a chyfeiriadedd rhywiol.<\/p>\n<p>Rydym yn prosesu&#8217;r math hwn o ddata categori arbennig gan ei fod yn angenrheidiol am resymau:<\/p>\n<ul>\n<li>Erthygl 9 (2)(g) &#8211; Budd Cyhoeddus Sylweddol: mae&#8217;r prosesu&#8217;n angenrheidiol er mwyn i ni gydymffurfio \u00e2&#8217;r gyfraith (heb gynnwys rhwymedigaethau cytundebol). Er enghraifft: Lle gallwn gasglu a phrosesu eich data personol i gydymffurfio \u00e2&#8217;n rhwymedigaethau cyfreithiol o dan Ddeddf Cydraddoldeb (2010) neu Ddeddf Iechyd a Diogelwch yn y Gwaith (1974).<\/li>\n<\/ul>\n<p><strong>Pa fath o wybodaeth rydym yn ei defnyddio?<\/strong><\/p>\n<p>Efallai y byddwn yn casglu&#8217;r mathau canlynol o ddata personol amdanoch chi i ddarparu ein gwasanaethau, yn dibynnu ar eich amgylchiadau:<\/p>\n<p>Enw<br \/>\nCyfeiriad<br \/>\nDyddiad geni<br \/>\nRhyw<br \/>\nRhif\/rhifau ff\u00f4n cyswllt<br \/>\nCyfeiriad e-bost<br \/>\nManylion cyflogwyr<br \/>\nR\u00f4l bresennol<br \/>\nDelweddau\/ffotograffau<br \/>\nCenedligrwydd<br \/>\nEthnigrwydd<br \/>\nCyflyrau a hanes meddygol<\/p>\n<p><strong>Ydyn ni&#8217;n defnyddio gwybodaeth o ffynonellau eraill?<\/strong><\/p>\n<p>Rydym yn casglu ac yn prosesu gwybodaeth yn uniongyrchol gennych chi, ond efallai y byddwn hefyd yn derbyn gwybodaeth o&#8217;r ffynonellau canlynol:<\/p>\n<p>Eich rheolwr \/ person penodedig<br \/>\nPrifysgolion<br \/>\nMeysydd gwasanaeth eraill y Cyngor<br \/>\nAwdurdodau Lleol eraill<\/p>\n<p><strong>Trosglwyddo eich data dramor<\/strong><\/p>\n<p>Rydym yn defnyddio amrywiaeth o feddalwedd i brosesu ein dogfennau\/cofnodion electronig o dan delerau cytundeb caeth, sy&#8217;n diogelu eich gwybodaeth. Mae&#8217;r data personol hwn yn cael ei gynnal ar weinyddion y tu mewn a&#8217;r tu allan i&#8217;r DU, ond dim ond yng ngwledydd yr UE sy&#8217;n ddarostyngedig i&#8217;r Rheoliad Diogelu Data Cyffredinol.<\/p>\n<p>Ni fydd eich data personol yn cael ei drosglwyddo y tu allan i&#8217;r UE.<\/p>\n<p><strong>Gyda phwy y gall eich gwybodaeth gael ei rhannu?<\/strong><\/p>\n<p>Efallai y byddwn yn rhannu eich gwybodaeth gyda&#8217;r derbynwyr canlynol yn dibynnu ar eich amgylchiadau i gyflawni ein rhwymedigaethau o dan ein contract gyda chi, neu er ein buddiannau cyfreithlon, bydd hyn yn cynnwys:<\/p>\n<ul>\n<li>Darparwyr hyfforddiant mewnol ac allanol<\/li>\n<li>Archwilio &#8211; mewnol ac allanol<\/li>\n<li>Meysydd gwasanaeth eraill y Cyngor<\/li>\n<li>Prifysgolion, Colegau Addysg Bellach a darparwyr cymwysterau<\/li>\n<li>Ein darparwr system rheoli dysgu<\/li>\n<li>Cyrff rheoleiddio<\/li>\n<li>Eich cyflogwr\/sefydliadau allanol neu wirfoddol<\/li>\n<li>Darparwyr hyfforddiant allanol\/ymgynghorwyr lle mae angen eu sgiliau arbenigol er mwyn cyflawni ein cyfrifoldebau cyfreithiol\/hyfforddiant<\/li>\n<li>Darparwyr allanol sy&#8217;n ymwneud \u00e2 chyflawni tasgau penodol ar ran y t\u00eem Dysgu a Datblygu, er enghraifft arolygon ymgysylltu \u00e2 staff, gwerthusiadau cwrs, dadansoddi anghenion hyfforddi ac ati.<\/li>\n<\/ul>\n<p>Mae yna sefyllfaoedd penodol eraill hefyd lle mae&#8217;n bosibl y bydd gofyn i ni ddatgelu gwybodaeth amdanoch chi, fel:<\/p>\n<ul>\n<li>Lle mae&#8217;n ofynnol i&#8217;r Cyngor ddarparu&#8217;r wybodaeth yn \u00f4l y gyfraith<\/li>\n<li>Pan fydd angen datgelu&#8217;r wybodaeth er mwyn atal neu ganfod trosedd<\/li>\n<li>Lle mae datgelu er budd hanfodol y person dan sylw<\/li>\n<\/ul>\n<p><strong>Am ba hyd y byddwn yn cadw eich gwybodaeth?\u00a0\u00a0\u00a0\u00a0\u00a0 <\/strong><\/p>\n<p>Bydd eich gwybodaeth yn cael ei chadw yn unol \u00e2&#8217;n canllawiau cadw a bydd eich gwybodaeth yn cael ei gwaredu&#8217;n ddiogel, unwaith nad oes ei hangen mwyach.\u00a0 Gweler Hysbysiad Preifatrwydd Cyngor Sir Ceredigion i gael rhagor o fanylion am ein rheolau cadw.<\/p>\n<p><strong>Eich hawliau diogelu data<\/strong><\/p>\n<p>Mae gennych hawl i:<\/p>\n<ul>\n<li>Cael mynediad i&#8217;r data personol y mae t\u00eem Dysgu a Datblygu Cyngor Ceredigion yn ei brosesu amdanoch chi<\/li>\n<li>Cael cywiro unrhyw wybodaeth anghywir neu anghyflawn (wedi&#8217;i chywiro)<\/li>\n<li>Tynnu&#8217;ch caniat\u00e2d yn \u00f4l i&#8217;r prosesu, lle mai dyma&#8217;r unig sail ar gyfer prosesu<\/li>\n<li>Gwneud cwyn i Swyddfa&#8217;r Comisiynydd Gwybodaeth (ICO), y corff annibynnol yn y DU sy&#8217;n diogelu hawliau gwybodaeth<\/li>\n<\/ul>\n<p>Mewn rhai amgylchiadau, efallai y bydd gennych hawl i:<\/p>\n<ul>\n<li>Gwrthwynebu prosesu eich data personol<\/li>\n<li>Dileu eich data personol<\/li>\n<li>Cyfyngu ar brosesu eich data personol<\/li>\n<li>Cludadwyedd data (trosglwyddo eich data personol i sefydliad arall mewn modd addas ac amserol)<\/li>\n<\/ul>\n<p><strong>Manylion cyswllt:<\/strong><\/p>\n<p>Am fwy o wybodaeth am yr hysbysiad preifatrwydd hwn a&#8217;ch hawliau, cysylltwch \u00e2:<\/p>\n<p>Swyddog Diogelu Data<br \/>\nCeredigion County Council<br \/>\nRhodfa Padarn<br \/>\nAberystwyth<br \/>\nSY23 3UE<\/p>\n<p>E-bost: <a href=\"mailto:data.protection@ceredigion.gov.uk\">data.protection@ceredigion.gov.uk<\/a><\/p>\n","protected":false},"excerpt":{"rendered":"<p>Mae ymdrin \u00e2 gwybodaeth bersonol gan Gyngor Sir Ceredigion yn bwysig iawn er mwyn darparu ein gwasanaethau a chynnal hyder y cyhoedd. Data personol yw unrhyw ddata sy\u2019n ymwneud \u00e2 pheron y gellir ei adnabod yn uniongyrchol neu\u2019n anuniongyrchol o\u2019r wybodaeth. Mae\u2019r termau \u2018 gwybodaeth\u2019 a \u2018data personol\u2019\u00a0 yn cael eu defnyddio trwy gydol yr [&hellip;]<\/p>\n","protected":false},"author":8,"featured_media":0,"parent":0,"menu_order":99,"comment_status":"closed","ping_status":"closed","template":"","meta":{"_acf_changed":false,"footnotes":""},"categories":[],"tags":[],"class_list":["post-8084","page","type-page","status-publish","hentry"],"acf":[],"_links":{"self":[{"href":"https:\/\/ceri.cerenet.org.uk\/learning\/cy\/wp-json\/wp\/v2\/pages\/8084","targetHints":{"allow":["GET"]}}],"collection":[{"href":"https:\/\/ceri.cerenet.org.uk\/learning\/cy\/wp-json\/wp\/v2\/pages"}],"about":[{"href":"https:\/\/ceri.cerenet.org.uk\/learning\/cy\/wp-json\/wp\/v2\/types\/page"}],"author":[{"embeddable":true,"href":"https:\/\/ceri.cerenet.org.uk\/learning\/cy\/wp-json\/wp\/v2\/users\/8"}],"replies":[{"embeddable":true,"href":"https:\/\/ceri.cerenet.org.uk\/learning\/cy\/wp-json\/wp\/v2\/comments?post=8084"}],"version-history":[{"count":2,"href":"https:\/\/ceri.cerenet.org.uk\/learning\/cy\/wp-json\/wp\/v2\/pages\/8084\/revisions"}],"predecessor-version":[{"id":8087,"href":"https:\/\/ceri.cerenet.org.uk\/learning\/cy\/wp-json\/wp\/v2\/pages\/8084\/revisions\/8087"}],"wp:attachment":[{"href":"https:\/\/ceri.cerenet.org.uk\/learning\/cy\/wp-json\/wp\/v2\/media?parent=8084"}],"wp:term":[{"taxonomy":"category","embeddable":true,"href":"https:\/\/ceri.cerenet.org.uk\/learning\/cy\/wp-json\/wp\/v2\/categories?post=8084"},{"taxonomy":"post_tag","embeddable":true,"href":"https:\/\/ceri.cerenet.org.uk\/learning\/cy\/wp-json\/wp\/v2\/tags?post=8084"}],"curies":[{"name":"wp","href":"https:\/\/api.w.org\/{rel}","templated":true}]}}