{"id":5869,"date":"2023-05-13T14:30:00","date_gmt":"2023-05-13T13:30:00","guid":{"rendered":"http:\/\/ceri.cerenet.org.uk\/learning\/?page_id=5869"},"modified":"2026-03-17T12:02:05","modified_gmt":"2026-03-17T12:02:05","slug":"cyflwyniad-i-brofiadau-niweidiol-yn-ystod-plentyndod-gan-ddefnyddio-realiti-rhithwir","status":"publish","type":"page","link":"https:\/\/ceri.cerenet.org.uk\/learning\/cy\/cyflwyniad-i-brofiadau-niweidiol-yn-ystod-plentyndod-gan-ddefnyddio-realiti-rhithwir\/","title":{"rendered":"Cyflwyniad i Brofiadau Niweidiol yn ystod Plentyndod gan ddefnyddio Realiti Rhithwir"},"content":{"rendered":"<p>Mae\u2019r hyfforddiant hwn wedi ei anelu at staff rheng flaen sy\u2019n gweithio gyda phobl a allai fod wedi cael profiadau niweidiol yn ystod plentyndod.<\/p>\n<p>Drwy ymgolli yn y Realiti Rhithwir bydd modd i chi brofi effaith y profiadau niweidiol hyn drwy lygaid y plentyn er mwyn medru diwallu ei anghenion yn well.<\/p>\n<p>Os nad ydych wedi profi pensetiau VR o\u2019r blaen, peidiwch \u00e2 phoeni, rydym wedi neilltuo amser i wneud yn si\u0175r fod pawb yn gallu arfer \u00e2\u2019u defnyddio nhw.<\/p>\n<p>Nod yr hyfforddiant yw:<\/p>\n<ul>\n<li>Eich helpu i ddeall beth yw Profiadau Niweidiol yn ystod Plentyndod<\/li>\n<li>Deall yr effaith a gaiff Profiadau Niweidiol yn ystod Plentyndod ar faban yn y groth, plentyn, oedolyn ifanc ac ymlaen i oedolyn llawn dwf<\/li>\n<li>Ystyried sut ddylai hyn effeithio ar eich arfer yn y gwaith <strong style=\"font-size: revert; color: initial;\">\u00a0<\/strong><\/li>\n<\/ul>\n<p>19\/05\/2026, 10:00\u201312:30, Ystafell Caron \u2013 Penmorfa, Aberaeron<\/p>\n<p>16\/07\/2026, 10:00\u201312:30, Ystafell Caron \u2013 Penmorfa, Aberaeron<\/p>\n<p>17\/09\/2026, 10:00\u201312:30, Ystafell Caron \u2013 Penmorfa, Aberaeron<\/p>\n","protected":false},"excerpt":{"rendered":"<p>Mae\u2019r hyfforddiant hwn wedi ei anelu at staff rheng flaen sy\u2019n gweithio gyda phobl a allai fod wedi cael profiadau niweidiol yn ystod plentyndod. Drwy ymgolli yn y Realiti Rhithwir bydd modd i chi brofi effaith y profiadau niweidiol hyn drwy lygaid y plentyn er mwyn medru diwallu ei anghenion yn well. Os nad ydych [&hellip;]<\/p>\n","protected":false},"author":8,"featured_media":0,"parent":0,"menu_order":171,"comment_status":"closed","ping_status":"closed","template":"","meta":{"_acf_changed":false,"footnotes":""},"categories":[13],"tags":[],"class_list":["post-5869","page","type-page","status-publish","hentry","category-events-cym"],"acf":[],"_links":{"self":[{"href":"https:\/\/ceri.cerenet.org.uk\/learning\/cy\/wp-json\/wp\/v2\/pages\/5869","targetHints":{"allow":["GET"]}}],"collection":[{"href":"https:\/\/ceri.cerenet.org.uk\/learning\/cy\/wp-json\/wp\/v2\/pages"}],"about":[{"href":"https:\/\/ceri.cerenet.org.uk\/learning\/cy\/wp-json\/wp\/v2\/types\/page"}],"author":[{"embeddable":true,"href":"https:\/\/ceri.cerenet.org.uk\/learning\/cy\/wp-json\/wp\/v2\/users\/8"}],"replies":[{"embeddable":true,"href":"https:\/\/ceri.cerenet.org.uk\/learning\/cy\/wp-json\/wp\/v2\/comments?post=5869"}],"version-history":[{"count":30,"href":"https:\/\/ceri.cerenet.org.uk\/learning\/cy\/wp-json\/wp\/v2\/pages\/5869\/revisions"}],"predecessor-version":[{"id":9652,"href":"https:\/\/ceri.cerenet.org.uk\/learning\/cy\/wp-json\/wp\/v2\/pages\/5869\/revisions\/9652"}],"wp:attachment":[{"href":"https:\/\/ceri.cerenet.org.uk\/learning\/cy\/wp-json\/wp\/v2\/media?parent=5869"}],"wp:term":[{"taxonomy":"category","embeddable":true,"href":"https:\/\/ceri.cerenet.org.uk\/learning\/cy\/wp-json\/wp\/v2\/categories?post=5869"},{"taxonomy":"post_tag","embeddable":true,"href":"https:\/\/ceri.cerenet.org.uk\/learning\/cy\/wp-json\/wp\/v2\/tags?post=5869"}],"curies":[{"name":"wp","href":"https:\/\/api.w.org\/{rel}","templated":true}]}}